{"id":7227,"date":"2025-05-30T07:06:06","date_gmt":"2025-05-30T07:06:06","guid":{"rendered":"https:\/\/ennovarenovables.com\/politica-integrada\/"},"modified":"2025-05-30T07:06:16","modified_gmt":"2025-05-30T07:06:16","slug":"politica-integrada","status":"publish","type":"page","link":"https:\/\/ennovarenovables.com\/pt-pt\/politica-integrada\/","title":{"rendered":"Pol\u00edtica integrada"},"content":{"rendered":"\n<div class=\"wp-block-group alignfull is-layout-constrained wp-block-group-is-layout-constrained\" id=\"white-hero\" style=\"padding-top:250px\">\n<h1 class=\"wp-block-heading\">Pol\u00edtica de qualidade e ambiente<\/h1>\n\n\n\n<p>Esta Dire\u00e7\u00e3o define a sua Pol\u00edtica de Qualidade e Ambiente como um guia de a\u00e7\u00e3o no desempenho das suas actividades e com o objetivo de executar todos os trabalhos com o mais alto n\u00edvel de qualidade, minimizando os impactos ambientais negativos e implementando a melhoria cont\u00ednua.<\/p>\n\n\n\n<p>O Modelo Integrado de Gest\u00e3o implementado pela ENNOVA SUMINISTROS RENOVABLES S.L., que tem como objetivo a m\u00e1xima satisfa\u00e7\u00e3o do cliente, baseia-se nos seguintes princ\u00edpios:<\/p>\n\n\n\n<ul class=\"wp-block-list\">\n<li>Cumprir os requisitos acordados com o cliente, nomeadamente os relacionados com as especifica\u00e7\u00f5es t\u00e9cnicas para a presta\u00e7\u00e3o dos seus servi\u00e7os e respectivos prazos.<\/li>\n\n\n\n<li>Garantir o cumprimento dos requisitos derivados dos regulamentos e normas aplic\u00e1veis \u00e0 nossa atividade e, em particular, os relacionados com os impactos ambientais.<\/li>\n\n\n\n<li>Melhorar continuamente a efic\u00e1cia do sistema de gest\u00e3o integrado implementado na nossa organiza\u00e7\u00e3o, com o objetivo de alcan\u00e7ar uma maior satisfa\u00e7\u00e3o dos clientes, atrav\u00e9s da avalia\u00e7\u00e3o peri\u00f3dica dos resultados e dos aspectos ambientais derivados da nossa atividade.<\/li>\n<\/ul>\n\n\n\n<p>Maximiza\u00e7\u00e3o da efic\u00e1cia em todas as actividades de \u201cFABRICA\u00c7\u00c3O DE SUPORTES DE CONCRETO E ESTRUTURAS MET\u00c1LICAS PARA O SECTOR FOTOVOLTAICO, MONTAGEM DE INSTALA\u00c7\u00d5ES SOLARES E COMERCIALIZA\u00c7\u00c3O DE EQUIPAMENTOS PARA INSTALA\u00c7\u00d5ES DE ENERGIAS RENOV\u00c1VEIS\u201d.<\/p>\n\n\n\n<ul class=\"wp-block-list\">\n<li>Motivar todo o pessoal da ENNOVA SUMINISTROS RENOVABLES S.L. no cumprimento das suas fun\u00e7\u00f5es e responsabilidades.<\/li>\n\n\n\n<li>Assegurar os recursos materiais e humanos da ENNOVA SUMINISTROS RENOVABLES S.L. para que as actividades possam ser realizadas de forma \u00f3ptima.<\/li>\n\n\n\n<li>Otimizar os recursos para a produ\u00e7\u00e3o, minimizando o consumo de energia e promovendo a utiliza\u00e7\u00e3o de produtos alternativos amigos do ambiente, sempre que tecnicamente vi\u00e1vel.<\/li>\n\n\n\n<li>Proporcionar as medidas necess\u00e1rias para proteger o meio ambiente, prevenir e reduzir a polui\u00e7\u00e3o e os impactos ambientais derivados das actividades desenvolvidas diretamente pela ENNOVA SUMINISTROS RENOVABLES S.L. ou por outras empresas subcontratadas que realizem o seu trabalho por conta da empresa.<\/li>\n\n\n\n<li>Sensibilizar o nosso pessoal, utilizadores, fornecedores e outros colaboradores para os princ\u00edpios contidos nesta Pol\u00edtica, promovendo a forma\u00e7\u00e3o e o estabelecimento de boas pr\u00e1ticas ambientais.<\/li>\n<\/ul>\n<\/div>\n","protected":false},"excerpt":{"rendered":"<p>Pol\u00edtica de qualidade e ambiente Esta Dire\u00e7\u00e3o define a sua Pol\u00edtica de Qualidade e Ambiente como um guia de a\u00e7\u00e3o [&hellip;]<\/p>\n","protected":false},"author":1,"featured_media":0,"parent":0,"menu_order":0,"comment_status":"closed","ping_status":"closed","template":"","meta":{"_acf_changed":false,"_uag_custom_page_level_css":"","site-sidebar-layout":"default","site-content-layout":"","ast-site-content-layout":"","site-content-style":"default","site-sidebar-style":"default","ast-global-header-display":"","ast-banner-title-visibility":"","ast-main-header-display":"","ast-hfb-above-header-display":"","ast-hfb-below-header-display":"","ast-hfb-mobile-header-display":"","site-post-title":"","ast-breadcrumbs-content":"","ast-featured-img":"","footer-sml-layout":"","theme-transparent-header-meta":"","adv-header-id-meta":"","stick-header-meta":"","header-above-stick-meta":"","header-main-stick-meta":"","header-below-stick-meta":"","astra-migrate-meta-layouts":"default","ast-page-background-enabled":"default","ast-page-background-meta":{"desktop":{"background-color":"var(--ast-global-color-4)","background-image":"","background-repeat":"repeat","background-position":"center center","background-size":"auto","background-attachment":"scroll","background-type":"","background-media":"","overlay-type":"","overlay-color":"","overlay-opacity":"","overlay-gradient":""},"tablet":{"background-color":"","background-image":"","background-repeat":"repeat","background-position":"center center","background-size":"auto","background-attachment":"scroll","background-type":"","background-media":"","overlay-type":"","overlay-color":"","overlay-opacity":"","overlay-gradient":""},"mobile":{"background-color":"","background-image":"","background-repeat":"repeat","background-position":"center center","background-size":"auto","background-attachment":"scroll","background-type":"","background-media":"","overlay-type":"","overlay-color":"","overlay-opacity":"","overlay-gradient":""}},"ast-content-background-meta":{"desktop":{"background-color":"var(--ast-global-color-5)","background-image":"","background-repeat":"repeat","background-position":"center center","background-size":"auto","background-attachment":"scroll","background-type":"","background-media":"","overlay-type":"","overlay-color":"","overlay-opacity":"","overlay-gradient":""},"tablet":{"background-color":"var(--ast-global-color-5)","background-image":"","background-repeat":"repeat","background-position":"center center","background-size":"auto","background-attachment":"scroll","background-type":"","background-media":"","overlay-type":"","overlay-color":"","overlay-opacity":"","overlay-gradient":""},"mobile":{"background-color":"var(--ast-global-color-5)","background-image":"","background-repeat":"repeat","background-position":"center center","background-size":"auto","background-attachment":"scroll","background-type":"","background-media":"","overlay-type":"","overlay-color":"","overlay-opacity":"","overlay-gradient":""}},"footnotes":""},"class_list":["post-7227","page","type-page","status-publish","hentry"],"nelio_popups_active_popup":"","acf":[],"yoast_head":"<!-- This site is optimized with the Yoast SEO plugin v27.4 - https:\/\/yoast.com\/product\/yoast-seo-wordpress\/ -->\n<title>Pol\u00edtica integrada - Ennova Renovables<\/title>\n<meta name=\"robots\" content=\"index, follow, max-snippet:-1, max-image-preview:large, max-video-preview:-1\" \/>\n<link rel=\"canonical\" href=\"https:\/\/ennovarenovables.com\/pt-pt\/politica-integrada\/\" \/>\n<meta property=\"og:locale\" content=\"pt_PT\" \/>\n<meta property=\"og:type\" content=\"article\" \/>\n<meta property=\"og:title\" content=\"Pol\u00edtica integrada - Ennova Renovables\" \/>\n<meta property=\"og:description\" content=\"Pol\u00edtica de qualidade e ambiente Esta Dire\u00e7\u00e3o define a sua Pol\u00edtica de Qualidade e Ambiente como um guia de a\u00e7\u00e3o [&hellip;]\" \/>\n<meta property=\"og:url\" content=\"https:\/\/ennovarenovables.com\/pt-pt\/politica-integrada\/\" \/>\n<meta property=\"og:site_name\" content=\"Ennova Renovables\" \/>\n<meta property=\"article:modified_time\" content=\"2025-05-30T07:06:16+00:00\" \/>\n<meta name=\"twitter:card\" content=\"summary_large_image\" \/>\n<meta name=\"twitter:label1\" content=\"Tempo estimado de leitura\" \/>\n\t<meta name=\"twitter:data1\" content=\"2 minutos\" \/>\n<script type=\"application\/ld+json\" class=\"yoast-schema-graph\">{\"@context\":\"https:\\\/\\\/schema.org\",\"@graph\":[{\"@type\":\"WebPage\",\"@id\":\"https:\\\/\\\/ennovarenovables.com\\\/pt-pt\\\/politica-integrada\\\/\",\"url\":\"https:\\\/\\\/ennovarenovables.com\\\/pt-pt\\\/politica-integrada\\\/\",\"name\":\"Pol\u00edtica integrada - Ennova Renovables\",\"isPartOf\":{\"@id\":\"https:\\\/\\\/ennovarenovables.com\\\/pt-pt\\\/#website\"},\"datePublished\":\"2025-05-30T07:06:06+00:00\",\"dateModified\":\"2025-05-30T07:06:16+00:00\",\"breadcrumb\":{\"@id\":\"https:\\\/\\\/ennovarenovables.com\\\/pt-pt\\\/politica-integrada\\\/#breadcrumb\"},\"inLanguage\":\"pt-PT\",\"potentialAction\":[{\"@type\":\"ReadAction\",\"target\":[\"https:\\\/\\\/ennovarenovables.com\\\/pt-pt\\\/politica-integrada\\\/\"]}]},{\"@type\":\"BreadcrumbList\",\"@id\":\"https:\\\/\\\/ennovarenovables.com\\\/pt-pt\\\/politica-integrada\\\/#breadcrumb\",\"itemListElement\":[{\"@type\":\"ListItem\",\"position\":1,\"name\":\"Portada\",\"item\":\"https:\\\/\\\/ennovarenovables.com\\\/pt-pt\\\/\"},{\"@type\":\"ListItem\",\"position\":2,\"name\":\"Pol\u00edtica integrada\"}]},{\"@type\":\"WebSite\",\"@id\":\"https:\\\/\\\/ennovarenovables.com\\\/pt-pt\\\/#website\",\"url\":\"https:\\\/\\\/ennovarenovables.com\\\/pt-pt\\\/\",\"name\":\"Ennova Renovables\",\"description\":\"Fabricantes de estructuras met\u00e1licas y soportes de hormig\u00f3n para estructuras fotovoltaicas\",\"publisher\":{\"@id\":\"https:\\\/\\\/ennovarenovables.com\\\/pt-pt\\\/#organization\"},\"potentialAction\":[{\"@type\":\"SearchAction\",\"target\":{\"@type\":\"EntryPoint\",\"urlTemplate\":\"https:\\\/\\\/ennovarenovables.com\\\/pt-pt\\\/?s={search_term_string}\"},\"query-input\":{\"@type\":\"PropertyValueSpecification\",\"valueRequired\":true,\"valueName\":\"search_term_string\"}}],\"inLanguage\":\"pt-PT\"},{\"@type\":\"Organization\",\"@id\":\"https:\\\/\\\/ennovarenovables.com\\\/pt-pt\\\/#organization\",\"name\":\"Ennova Renovables\",\"url\":\"https:\\\/\\\/ennovarenovables.com\\\/pt-pt\\\/\",\"logo\":{\"@type\":\"ImageObject\",\"inLanguage\":\"pt-PT\",\"@id\":\"https:\\\/\\\/ennovarenovables.com\\\/pt-pt\\\/#\\\/schema\\\/logo\\\/image\\\/\",\"url\":\"https:\\\/\\\/ennovarenovables.com\\\/wp-content\\\/uploads\\\/2024\\\/11\\\/logo-ennova-renovables.svg\",\"contentUrl\":\"https:\\\/\\\/ennovarenovables.com\\\/wp-content\\\/uploads\\\/2024\\\/11\\\/logo-ennova-renovables.svg\",\"width\":202,\"height\":29,\"caption\":\"Ennova Renovables\"},\"image\":{\"@id\":\"https:\\\/\\\/ennovarenovables.com\\\/pt-pt\\\/#\\\/schema\\\/logo\\\/image\\\/\"}}]}<\/script>\n<!-- \/ Yoast SEO plugin. -->","yoast_head_json":{"title":"Pol\u00edtica integrada - Ennova Renovables","robots":{"index":"index","follow":"follow","max-snippet":"max-snippet:-1","max-image-preview":"max-image-preview:large","max-video-preview":"max-video-preview:-1"},"canonical":"https:\/\/ennovarenovables.com\/pt-pt\/politica-integrada\/","og_locale":"pt_PT","og_type":"article","og_title":"Pol\u00edtica integrada - Ennova Renovables","og_description":"Pol\u00edtica de qualidade e ambiente Esta Dire\u00e7\u00e3o define a sua Pol\u00edtica de Qualidade e Ambiente como um guia de a\u00e7\u00e3o [&hellip;]","og_url":"https:\/\/ennovarenovables.com\/pt-pt\/politica-integrada\/","og_site_name":"Ennova Renovables","article_modified_time":"2025-05-30T07:06:16+00:00","twitter_card":"summary_large_image","twitter_misc":{"Tempo estimado de leitura":"2 minutos"},"schema":{"@context":"https:\/\/schema.org","@graph":[{"@type":"WebPage","@id":"https:\/\/ennovarenovables.com\/pt-pt\/politica-integrada\/","url":"https:\/\/ennovarenovables.com\/pt-pt\/politica-integrada\/","name":"Pol\u00edtica integrada - Ennova Renovables","isPartOf":{"@id":"https:\/\/ennovarenovables.com\/pt-pt\/#website"},"datePublished":"2025-05-30T07:06:06+00:00","dateModified":"2025-05-30T07:06:16+00:00","breadcrumb":{"@id":"https:\/\/ennovarenovables.com\/pt-pt\/politica-integrada\/#breadcrumb"},"inLanguage":"pt-PT","potentialAction":[{"@type":"ReadAction","target":["https:\/\/ennovarenovables.com\/pt-pt\/politica-integrada\/"]}]},{"@type":"BreadcrumbList","@id":"https:\/\/ennovarenovables.com\/pt-pt\/politica-integrada\/#breadcrumb","itemListElement":[{"@type":"ListItem","position":1,"name":"Portada","item":"https:\/\/ennovarenovables.com\/pt-pt\/"},{"@type":"ListItem","position":2,"name":"Pol\u00edtica integrada"}]},{"@type":"WebSite","@id":"https:\/\/ennovarenovables.com\/pt-pt\/#website","url":"https:\/\/ennovarenovables.com\/pt-pt\/","name":"Ennova Renovables","description":"Fabricantes de estructuras met\u00e1licas y soportes de hormig\u00f3n para estructuras fotovoltaicas","publisher":{"@id":"https:\/\/ennovarenovables.com\/pt-pt\/#organization"},"potentialAction":[{"@type":"SearchAction","target":{"@type":"EntryPoint","urlTemplate":"https:\/\/ennovarenovables.com\/pt-pt\/?s={search_term_string}"},"query-input":{"@type":"PropertyValueSpecification","valueRequired":true,"valueName":"search_term_string"}}],"inLanguage":"pt-PT"},{"@type":"Organization","@id":"https:\/\/ennovarenovables.com\/pt-pt\/#organization","name":"Ennova Renovables","url":"https:\/\/ennovarenovables.com\/pt-pt\/","logo":{"@type":"ImageObject","inLanguage":"pt-PT","@id":"https:\/\/ennovarenovables.com\/pt-pt\/#\/schema\/logo\/image\/","url":"https:\/\/ennovarenovables.com\/wp-content\/uploads\/2024\/11\/logo-ennova-renovables.svg","contentUrl":"https:\/\/ennovarenovables.com\/wp-content\/uploads\/2024\/11\/logo-ennova-renovables.svg","width":202,"height":29,"caption":"Ennova Renovables"},"image":{"@id":"https:\/\/ennovarenovables.com\/pt-pt\/#\/schema\/logo\/image\/"}}]}},"uagb_featured_image_src":{"full":false,"thumbnail":false,"medium":false,"medium_large":false,"large":false,"1536x1536":false,"2048x2048":false},"uagb_author_info":{"display_name":"kebes","author_link":"https:\/\/ennovarenovables.com\/pt-pt\/author\/kebes\/"},"uagb_comment_info":0,"uagb_excerpt":"Pol\u00edtica de qualidade e ambiente Esta Dire\u00e7\u00e3o define a sua Pol\u00edtica de Qualidade e Ambiente como um guia de a\u00e7\u00e3o [&hellip;]","_links":{"self":[{"href":"https:\/\/ennovarenovables.com\/pt-pt\/wp-json\/wp\/v2\/pages\/7227","targetHints":{"allow":["GET"]}}],"collection":[{"href":"https:\/\/ennovarenovables.com\/pt-pt\/wp-json\/wp\/v2\/pages"}],"about":[{"href":"https:\/\/ennovarenovables.com\/pt-pt\/wp-json\/wp\/v2\/types\/page"}],"author":[{"embeddable":true,"href":"https:\/\/ennovarenovables.com\/pt-pt\/wp-json\/wp\/v2\/users\/1"}],"replies":[{"embeddable":true,"href":"https:\/\/ennovarenovables.com\/pt-pt\/wp-json\/wp\/v2\/comments?post=7227"}],"version-history":[{"count":1,"href":"https:\/\/ennovarenovables.com\/pt-pt\/wp-json\/wp\/v2\/pages\/7227\/revisions"}],"predecessor-version":[{"id":7230,"href":"https:\/\/ennovarenovables.com\/pt-pt\/wp-json\/wp\/v2\/pages\/7227\/revisions\/7230"}],"wp:attachment":[{"href":"https:\/\/ennovarenovables.com\/pt-pt\/wp-json\/wp\/v2\/media?parent=7227"}],"curies":[{"name":"wp","href":"https:\/\/api.w.org\/{rel}","templated":true}]}}