{"id":4825,"date":"2025-01-02T18:17:47","date_gmt":"2025-01-02T18:17:47","guid":{"rendered":"https:\/\/ennovarenovables.com\/sustentabilidade\/"},"modified":"2025-04-29T16:03:01","modified_gmt":"2025-04-29T16:03:01","slug":"sustentabilidade","status":"publish","type":"page","link":"https:\/\/ennovarenovables.com\/pt-pt\/sustentabilidade\/","title":{"rendered":"Sustentabilidade"},"content":{"rendered":"\n<div class=\"wp-block-cover alignfull has-custom-content-position is-position-bottom-left seccion-header\" style=\"min-height:100vh;aspect-ratio:unset;\"><span aria-hidden=\"true\" class=\"wp-block-cover__background has-background-dim-0 has-background-dim\"><\/span><img loading=\"lazy\" decoding=\"async\" width=\"1920\" height=\"1123\" class=\"wp-block-cover__image-background wp-image-1853\" alt=\"\" src=\"https:\/\/ennovarenovables.com\/wp-content\/uploads\/2025\/01\/Rectangle-2-5.webp\" data-object-fit=\"cover\" srcset=\"https:\/\/ennovarenovables.com\/wp-content\/uploads\/2025\/01\/Rectangle-2-5.webp 1920w, https:\/\/ennovarenovables.com\/wp-content\/uploads\/2025\/01\/Rectangle-2-5-300x175.webp 300w, https:\/\/ennovarenovables.com\/wp-content\/uploads\/2025\/01\/Rectangle-2-5-1024x599.webp 1024w, https:\/\/ennovarenovables.com\/wp-content\/uploads\/2025\/01\/Rectangle-2-5-768x449.webp 768w, https:\/\/ennovarenovables.com\/wp-content\/uploads\/2025\/01\/Rectangle-2-5-1536x898.webp 1536w\" sizes=\"auto, (max-width: 1920px) 100vw, 1920px\" \/><div class=\"wp-block-cover__inner-container is-layout-constrained wp-block-cover-is-layout-constrained\">\n<h1 class=\"wp-block-heading has-ast-global-color-5-color has-text-color has-link-color wp-elements-fb98a9aca394055da59b017e9e177646\"><br\/>Rumo a uma energia sustent\u00e1vel, limpa e consciente<\/h1>\n\n\n\n<p class=\"has-ast-global-color-5-color has-text-color has-link-color wp-elements-5c9094f778fdde2f720df73ededb9e2c\">As bases para um futuro energ\u00e9tico orientado para o futuro<\/p>\n<\/div><\/div>\n\n<div class=\"wp-block-group alignfull seccion-titulo-scroll is-layout-constrained wp-block-group-is-layout-constrained\">\n    <div class=\"breadcrumbs\" typeof=\"BreadcrumbList\" vocab=\"https:\/\/schema.org\/\">\r\n        <span property=\"itemListElement\" typeof=\"ListItem\"><a property=\"item\" typeof=\"WebPage\" title=\"Ir a Ennova Renovables.\" href=\"https:\/\/ennovarenovables.com\/pt-pt\/\" class=\"home\" ><span property=\"name\">Ennova<\/span><\/a><meta property=\"position\" content=\"1\"><\/span> &gt; <span property=\"itemListElement\" typeof=\"ListItem\"><a property=\"item\" typeof=\"WebPage\" title=\"Go to Not\u00edcias.\" href=\"https:\/\/ennovarenovables.com\/pt-pt\/noticias\/\" class=\"post-root post post-post\" aria-current=\"page\"><span property=\"name\">Not\u00edcias<\/span><\/a><meta property=\"position\" content=\"2\"><\/span>    <\/div>\r\n    \n\n\n\n<h2 class=\"wp-block-heading\">Sustentabilidade<\/h2>\n<\/div>\n\n<div class=\"wp-block-group alignfull is-layout-constrained wp-block-group-is-layout-constrained\" id=\"seccion-contador\">\n<div class=\"wp-block-columns is-layout-flex wp-container-core-columns-is-layout-28f84493 wp-block-columns-is-layout-flex\">\n<div class=\"wp-block-column is-layout-flow wp-block-column-is-layout-flow\">\n<p>Apoiamos a energia fotovoltaica e tudo o que ela representa. Como um dos principais fabricantes de suportes e estruturas met\u00e1licas para instala\u00e7\u00f5es fotovoltaicas, orgulhamo-nos de dar um contributo direto para a transi\u00e7\u00e3o da energia verde. <\/p>\n\n\n\n<div class=\"wp-block-uagb-counter uagb-block-99063221 wp-block-uagb-counter--number\" id=\"contador-co2\"><div class=\"wp-block-uagb-counter__number\"><span class=\"uagb-counter-block-prefix\">menos CO<\/span><span class=\"uagb-counter-block-number\" data-duration=\"1.5\" data-to-value=\"2\" data-from-value=\"2\" data-delimiter=\".\"><\/span><\/div><div class=\"wp-block-uagb-counter__title\">gra\u00e7as \u00e0s nossas instala\u00e7\u00f5es<\/div><\/div>\n\n\n\n<hr class=\"wp-block-separator has-alpha-channel-opacity is-style-wide\"\/>\n\n\n\n<div class=\"wp-block-uagb-counter uagb-block-70a35f0f wp-block-uagb-counter--number\"><div class=\"wp-block-uagb-counter__number\"><span class=\"uagb-counter-block-number\" data-duration=\"1.5\" data-to-value=\"50\" data-from-value=\"0\" data-delimiter=\".\"><\/span><span class=\"uagb-counter-block-suffix\">%<\/span><\/div><div class=\"wp-block-uagb-counter__title\">de embalagens recicl\u00e1veis<\/div><\/div>\n\n\n\n<hr class=\"wp-block-separator has-alpha-channel-opacity is-style-wide\"\/>\n\n\n\n<div class=\"wp-block-uagb-counter uagb-block-0dee3524 wp-block-uagb-counter--number\"><div class=\"wp-block-uagb-counter__number\"><span class=\"uagb-counter-block-number\" data-duration=\"1.5\" data-to-value=\"90\" data-from-value=\"0\" data-delimiter=\".\"><\/span><span class=\"uagb-counter-block-suffix\">%<\/span><\/div><div class=\"wp-block-uagb-counter__title\">de energia fotovoltaica na nossa f\u00e1brica e sede<\/div><\/div>\n<\/div>\n\n\n\n<div class=\"wp-block-column is-layout-flow wp-block-column-is-layout-flow\">\n<figure class=\"wp-block-image size-large\"><img loading=\"lazy\" decoding=\"async\" width=\"369\" height=\"376\" src=\"https:\/\/ennovarenovables.com\/wp-content\/uploads\/2024\/12\/icon.svg\" alt=\"\" class=\"wp-image-836\"\/><\/figure>\n<\/div>\n<\/div>\n<\/div>\n\n<div class=\"wp-block-media-text alignfull has-media-on-the-right is-stacked-on-mobile is-vertically-aligned-center seccion-medios-texto-full has-ast-global-color-2-background-color has-background\" style=\"grid-template-columns:auto 45%\"><div class=\"wp-block-media-text__content\">\n<h2 class=\"wp-block-heading has-ast-global-color-5-color has-text-color has-link-color wp-elements-deb272613ee3a48c809ce62389671f37\">Experi\u00eancia e know-how<\/h2>\n\n\n\n<p class=\"has-ast-global-color-5-color has-text-color has-link-color wp-elements-6302041c484c51e366858d59de4d39c3\">Ao conceber e fabricar os nossos sistemas de montagem de m\u00f3dulos fotovoltaicos, n\u00e3o pensamos apenas na luz solar. Pensa em tempestades, chuvas fortes, queda de neve e terramotos. Afinal de contas, estas s\u00e3o as condi\u00e7\u00f5es extremas que um sistema fotovoltaico tem de suportar, em determinadas circunst\u00e2ncias, durante 25 anos ou mais.<\/p>\n\n\n\n<div class=\"wp-block-buttons is-layout-flex wp-block-buttons-is-layout-flex\">\n<div class=\"wp-block-button is-style-outline is-style-outline--1\"><a class=\"wp-block-button__link wp-element-button\" href=\"https:\/\/ennovarenovables.com\/pt-pt\/concecao-e-fabrico\/\">Conce\u00e7\u00e3o e fabrico<\/a><\/div>\n<\/div>\n<\/div><figure class=\"wp-block-media-text__media\"><img loading=\"lazy\" decoding=\"async\" width=\"836\" height=\"1024\" src=\"https:\/\/ennovarenovables.com\/wp-content\/uploads\/2025\/01\/Rectangle-76-1-836x1024.webp\" alt=\"\" class=\"wp-image-1882 size-full\" srcset=\"https:\/\/ennovarenovables.com\/wp-content\/uploads\/2025\/01\/Rectangle-76-1-836x1024.webp 836w, https:\/\/ennovarenovables.com\/wp-content\/uploads\/2025\/01\/Rectangle-76-1-245x300.webp 245w, https:\/\/ennovarenovables.com\/wp-content\/uploads\/2025\/01\/Rectangle-76-1-768x941.webp 768w, https:\/\/ennovarenovables.com\/wp-content\/uploads\/2025\/01\/Rectangle-76-1.webp 957w\" sizes=\"auto, (max-width: 836px) 100vw, 836px\" \/><\/figure><\/div>\n\n<div class=\"wp-block-group alignfull bloque-claim-cajitas has-ast-global-color-4-background-color has-background is-layout-constrained wp-block-group-is-layout-constrained\">\n<hr class=\"wp-block-separator has-alpha-channel-opacity is-style-wide\"\/>\n\n\n\n<h2 class=\"wp-block-heading\">O futuro inspira-nos a continuar a apostar<\/h2>\n\n\n\n<div class=\"wp-block-columns is-layout-flex wp-container-core-columns-is-layout-28f84493 wp-block-columns-is-layout-flex\">\n<div class=\"wp-block-column is-layout-flow wp-block-column-is-layout-flow\" style=\"flex-basis:66.66%\">\n<h3 class=\"wp-block-heading\">Acreditamos na energia verde e sustent\u00e1vel como a solu\u00e7\u00e3o eficaz.<\/h3>\n<\/div>\n\n\n\n<div class=\"wp-block-column is-layout-flow wp-block-column-is-layout-flow\" style=\"flex-basis:33.33%\">\n<div class=\"wp-block-group has-ast-global-color-5-background-color has-background is-layout-constrained wp-block-group-is-layout-constrained\">\n<h4 class=\"wp-block-heading\">Engenharia aplicada<\/h4>\n\n\n\n<p>O nosso departamento t\u00e9cnico disp\u00f5e dos \u00faltimos avan\u00e7os em mat\u00e9ria estrutural e do c\u00e1lculo e impress\u00e3o 3D de novos prot\u00f3tipos para a sua an\u00e1lise.<\/p>\n<\/div>\n\n\n\n<div class=\"wp-block-group has-ast-global-color-5-background-color has-background is-layout-constrained wp-block-group-is-layout-constrained\">\n<h4 class=\"wp-block-heading\">Tecnologia<\/h4>\n\n\n\n<p>Todos os nossos produtos s\u00e3o submetidos a um software de t\u00fanel de vento onde todas as hip\u00f3teses poss\u00edveis de efeitos do vento s\u00e3o interpretadas de modo a calcular com precis\u00e3o as cargas necess\u00e1rias.<\/p>\n<\/div>\n\n\n\n<div class=\"wp-block-group has-ast-global-color-5-background-color has-background is-layout-constrained wp-block-group-is-layout-constrained\">\n<h4 class=\"wp-block-heading\">Seguran\u00e7a<\/h4>\n\n\n\n<p>Todas as nossas estruturas e suportes foram testados exaustivamente e cumprem os mais rigorosos requisitos de seguran\u00e7a.<\/p>\n<\/div>\n<\/div>\n<\/div>\n<\/div>\n\n<div class=\"wp-block-group alignfull is-layout-constrained wp-block-group-is-layout-constrained\" id=\"seccion-servicios\">\n<h2 class=\"wp-block-heading\">Servi\u00e7os<\/h2>\n\n\n\n<div class=\"wp-block-group is-content-justification-left is-layout-constrained wp-container-core-group-is-layout-dc37ffa9 wp-block-group-is-layout-constrained\">\n<p>Oferecemos um servi\u00e7o de engenharia como apoio t\u00e9cnico especializado em solu\u00e7\u00f5es personalizadas e optimizadas para projectos fotovoltaicos.<\/p>\n<\/div>\n\n\n\r\n<div  class=\"bloque-paginas-slider\">\r\n    <div class=\"swiper paginas-slider-swiper\">\r\n        <div class=\"swiper-wrapper\">\r\n                                                                <!-- Slide -->\r\n                    <div class=\"swiper-slide\">\r\n                                                    <img decoding=\"async\" src=\"https:\/\/ennovarenovables.com\/wp-content\/uploads\/2025\/01\/OFICINA-ORDENADOR-2.png\" alt=\"Suporte t\u00e9cnico\">\r\n                        \r\n                                                        <a href=\"https:\/\/ennovarenovables.com\/pt-pt\/suporte-tecnico\/\" class=\"slide-link\"><\/a>\r\n                            \r\n                        <div class=\"slide-content\">\r\n                            <span class=\"slide-number\">01.<\/span>\r\n                            <span class=\"slide-nombre\">Suporte t\u00e9cnico<\/span>\r\n                        <\/div>\r\n                    <\/div>\r\n                                                        <!-- Slide -->\r\n                    <div class=\"swiper-slide\">\r\n                                                    <img decoding=\"async\" src=\"https:\/\/ennovarenovables.com\/wp-content\/uploads\/2025\/01\/12B-EXTERIOR-OPERARIO-TOMANDO-NOTAS-FOLDER.png\" alt=\"Parceiros de distribui\u00e7\u00e3o\">\r\n                        \r\n                                                        <a href=\"https:\/\/ennovarenovables.com\/pt-pt\/parceiros-de-distribuicao\/\" class=\"slide-link\"><\/a>\r\n                            \r\n                        <div class=\"slide-content\">\r\n                            <span class=\"slide-number\">02.<\/span>\r\n                            <span class=\"slide-nombre\">Parceiros de distribui\u00e7\u00e3o<\/span>\r\n                        <\/div>\r\n                    <\/div>\r\n                                                        <!-- Slide -->\r\n                    <div class=\"swiper-slide\">\r\n                                                    <img decoding=\"async\" src=\"https:\/\/ennovarenovables.com\/wp-content\/uploads\/2025\/01\/Captura-de-pantalla-2024-06-18-a-las-11.37.png\" alt=\"Transfer\u00eancias\">\r\n                        \r\n                                                        <a href=\"https:\/\/ennovarenovables.com\/pt-pt\/transferencias\/\" class=\"slide-link\"><\/a>\r\n                            \r\n                        <div class=\"slide-content\">\r\n                            <span class=\"slide-number\">03.<\/span>\r\n                            <span class=\"slide-nombre\">Transfer\u00eancias<\/span>\r\n                        <\/div>\r\n                    <\/div>\r\n                                                        <\/div>\r\n    <\/div>\r\n\r\n    <!-- Botones de navegaci\u00f3n -->\r\n\r\n    <div class=\"swiper-button-prev paginas-slider-swiper-button-prev\"><\/div>\r\n    <div class=\"swiper-button-next paginas-slider-swiper-button-next\"><\/div>\r\n<\/div>\r\n\r\n\r\n<div class=\"scrolling-container\">\r\n<div class=\"wp-block-buttons is-layout-flex wp-block-buttons-is-layout-flex\">\r\n            <div class=\"wp-block-button is-style-fill\"><a class=\"wp-block-button__link wp-element-button\">Suporte t\u00e9cnico<\/a><\/div>\r\n                        <div class=\"wp-block-button is-style-fill\"><a class=\"wp-block-button__link wp-element-button\">Parceiros de distribui\u00e7\u00e3o<\/a><\/div>\r\n                        <div class=\"wp-block-button is-style-fill\"><a class=\"wp-block-button__link wp-element-button\">Transfer\u00eancias<\/a><\/div>\r\n                            <div class=\"wp-block-button is-style-fill\"><a class=\"wp-block-button__link wp-element-button\">Suporte t\u00e9cnico<\/a><\/div>\r\n                        <div class=\"wp-block-button is-style-fill\"><a class=\"wp-block-button__link wp-element-button\">Parceiros de distribui\u00e7\u00e3o<\/a><\/div>\r\n                        <div class=\"wp-block-button is-style-fill\"><a class=\"wp-block-button__link wp-element-button\">Transfer\u00eancias<\/a><\/div>\r\n                            <div class=\"wp-block-button is-style-fill\"><a class=\"wp-block-button__link wp-element-button\">Suporte t\u00e9cnico<\/a><\/div>\r\n                        <div class=\"wp-block-button is-style-fill\"><a class=\"wp-block-button__link wp-element-button\">Parceiros de distribui\u00e7\u00e3o<\/a><\/div>\r\n                        <div class=\"wp-block-button is-style-fill\"><a class=\"wp-block-button__link wp-element-button\">Transfer\u00eancias<\/a><\/div>\r\n            <\/div>\r\n<\/div>\r\n<\/div>\n","protected":false},"excerpt":{"rendered":"<p>Sustentabilidade Apoiamos a energia fotovoltaica e tudo o que ela representa. Como um dos principais fabricantes de suportes e estruturas [&hellip;]<\/p>\n","protected":false},"author":1,"featured_media":0,"parent":0,"menu_order":0,"comment_status":"closed","ping_status":"closed","template":"","meta":{"_acf_changed":false,"_uag_custom_page_level_css":"","site-sidebar-layout":"default","site-content-layout":"","ast-site-content-layout":"","site-content-style":"default","site-sidebar-style":"default","ast-global-header-display":"","ast-banner-title-visibility":"","ast-main-header-display":"","ast-hfb-above-header-display":"","ast-hfb-below-header-display":"","ast-hfb-mobile-header-display":"","site-post-title":"","ast-breadcrumbs-content":"","ast-featured-img":"","footer-sml-layout":"","theme-transparent-header-meta":"","adv-header-id-meta":"","stick-header-meta":"","header-above-stick-meta":"","header-main-stick-meta":"","header-below-stick-meta":"","astra-migrate-meta-layouts":"default","ast-page-background-enabled":"default","ast-page-background-meta":{"desktop":{"background-color":"var(--ast-global-color-4)","background-image":"","background-repeat":"repeat","background-position":"center center","background-size":"auto","background-attachment":"scroll","background-type":"","background-media":"","overlay-type":"","overlay-color":"","overlay-opacity":"","overlay-gradient":""},"tablet":{"background-color":"","background-image":"","background-repeat":"repeat","background-position":"center center","background-size":"auto","background-attachment":"scroll","background-type":"","background-media":"","overlay-type":"","overlay-color":"","overlay-opacity":"","overlay-gradient":""},"mobile":{"background-color":"","background-image":"","background-repeat":"repeat","background-position":"center center","background-size":"auto","background-attachment":"scroll","background-type":"","background-media":"","overlay-type":"","overlay-color":"","overlay-opacity":"","overlay-gradient":""}},"ast-content-background-meta":{"desktop":{"background-color":"var(--ast-global-color-5)","background-image":"","background-repeat":"repeat","background-position":"center center","background-size":"auto","background-attachment":"scroll","background-type":"","background-media":"","overlay-type":"","overlay-color":"","overlay-opacity":"","overlay-gradient":""},"tablet":{"background-color":"var(--ast-global-color-5)","background-image":"","background-repeat":"repeat","background-position":"center center","background-size":"auto","background-attachment":"scroll","background-type":"","background-media":"","overlay-type":"","overlay-color":"","overlay-opacity":"","overlay-gradient":""},"mobile":{"background-color":"var(--ast-global-color-5)","background-image":"","background-repeat":"repeat","background-position":"center center","background-size":"auto","background-attachment":"scroll","background-type":"","background-media":"","overlay-type":"","overlay-color":"","overlay-opacity":"","overlay-gradient":""}},"footnotes":""},"class_list":["post-4825","page","type-page","status-publish","hentry"],"nelio_popups_active_popup":"","acf":[],"yoast_head":"<!-- This site is optimized with the Yoast SEO plugin v27.4 - https:\/\/yoast.com\/product\/yoast-seo-wordpress\/ -->\n<title>Sustentabilidade - Ennova Renovables<\/title>\n<meta name=\"robots\" content=\"index, follow, max-snippet:-1, max-image-preview:large, max-video-preview:-1\" \/>\n<link rel=\"canonical\" href=\"https:\/\/ennovarenovables.com\/pt-pt\/sustentabilidade\/\" \/>\n<meta property=\"og:locale\" content=\"pt_PT\" \/>\n<meta property=\"og:type\" content=\"article\" \/>\n<meta property=\"og:title\" content=\"Sustentabilidade - Ennova Renovables\" \/>\n<meta property=\"og:description\" content=\"Sustentabilidade Apoiamos a energia fotovoltaica e tudo o que ela representa. Como um dos principais fabricantes de suportes e estruturas [&hellip;]\" \/>\n<meta property=\"og:url\" content=\"https:\/\/ennovarenovables.com\/pt-pt\/sustentabilidade\/\" \/>\n<meta property=\"og:site_name\" content=\"Ennova Renovables\" \/>\n<meta property=\"article:modified_time\" content=\"2025-04-29T16:03:01+00:00\" \/>\n<meta property=\"og:image\" content=\"https:\/\/ennovarenovables.com\/wp-content\/uploads\/2025\/01\/Rectangle-2-5.webp\" \/>\n\t<meta property=\"og:image:width\" content=\"1920\" \/>\n\t<meta property=\"og:image:height\" content=\"1123\" \/>\n\t<meta property=\"og:image:type\" content=\"image\/webp\" \/>\n<meta name=\"twitter:card\" content=\"summary_large_image\" \/>\n<meta name=\"twitter:label1\" content=\"Tempo estimado de leitura\" \/>\n\t<meta name=\"twitter:data1\" content=\"1 minuto\" \/>\n<script type=\"application\/ld+json\" class=\"yoast-schema-graph\">{\"@context\":\"https:\\\/\\\/schema.org\",\"@graph\":[{\"@type\":\"WebPage\",\"@id\":\"https:\\\/\\\/ennovarenovables.com\\\/pt-pt\\\/sustentabilidade\\\/\",\"url\":\"https:\\\/\\\/ennovarenovables.com\\\/pt-pt\\\/sustentabilidade\\\/\",\"name\":\"Sustentabilidade - Ennova Renovables\",\"isPartOf\":{\"@id\":\"https:\\\/\\\/ennovarenovables.com\\\/pt-pt\\\/#website\"},\"primaryImageOfPage\":{\"@id\":\"https:\\\/\\\/ennovarenovables.com\\\/pt-pt\\\/sustentabilidade\\\/#primaryimage\"},\"image\":{\"@id\":\"https:\\\/\\\/ennovarenovables.com\\\/pt-pt\\\/sustentabilidade\\\/#primaryimage\"},\"thumbnailUrl\":\"https:\\\/\\\/ennovarenovables.com\\\/wp-content\\\/uploads\\\/2025\\\/01\\\/Rectangle-2-5.webp\",\"datePublished\":\"2025-01-02T18:17:47+00:00\",\"dateModified\":\"2025-04-29T16:03:01+00:00\",\"breadcrumb\":{\"@id\":\"https:\\\/\\\/ennovarenovables.com\\\/pt-pt\\\/sustentabilidade\\\/#breadcrumb\"},\"inLanguage\":\"pt-PT\",\"potentialAction\":[{\"@type\":\"ReadAction\",\"target\":[\"https:\\\/\\\/ennovarenovables.com\\\/pt-pt\\\/sustentabilidade\\\/\"]}]},{\"@type\":\"ImageObject\",\"inLanguage\":\"pt-PT\",\"@id\":\"https:\\\/\\\/ennovarenovables.com\\\/pt-pt\\\/sustentabilidade\\\/#primaryimage\",\"url\":\"https:\\\/\\\/ennovarenovables.com\\\/wp-content\\\/uploads\\\/2025\\\/01\\\/Rectangle-2-5.webp\",\"contentUrl\":\"https:\\\/\\\/ennovarenovables.com\\\/wp-content\\\/uploads\\\/2025\\\/01\\\/Rectangle-2-5.webp\"},{\"@type\":\"BreadcrumbList\",\"@id\":\"https:\\\/\\\/ennovarenovables.com\\\/pt-pt\\\/sustentabilidade\\\/#breadcrumb\",\"itemListElement\":[{\"@type\":\"ListItem\",\"position\":1,\"name\":\"Portada\",\"item\":\"https:\\\/\\\/ennovarenovables.com\\\/pt-pt\\\/\"},{\"@type\":\"ListItem\",\"position\":2,\"name\":\"Sustentabilidade\"}]},{\"@type\":\"WebSite\",\"@id\":\"https:\\\/\\\/ennovarenovables.com\\\/pt-pt\\\/#website\",\"url\":\"https:\\\/\\\/ennovarenovables.com\\\/pt-pt\\\/\",\"name\":\"Ennova Renovables\",\"description\":\"Fabricantes de estructuras met\u00e1licas y soportes de hormig\u00f3n para estructuras fotovoltaicas\",\"publisher\":{\"@id\":\"https:\\\/\\\/ennovarenovables.com\\\/pt-pt\\\/#organization\"},\"potentialAction\":[{\"@type\":\"SearchAction\",\"target\":{\"@type\":\"EntryPoint\",\"urlTemplate\":\"https:\\\/\\\/ennovarenovables.com\\\/pt-pt\\\/?s={search_term_string}\"},\"query-input\":{\"@type\":\"PropertyValueSpecification\",\"valueRequired\":true,\"valueName\":\"search_term_string\"}}],\"inLanguage\":\"pt-PT\"},{\"@type\":\"Organization\",\"@id\":\"https:\\\/\\\/ennovarenovables.com\\\/pt-pt\\\/#organization\",\"name\":\"Ennova Renovables\",\"url\":\"https:\\\/\\\/ennovarenovables.com\\\/pt-pt\\\/\",\"logo\":{\"@type\":\"ImageObject\",\"inLanguage\":\"pt-PT\",\"@id\":\"https:\\\/\\\/ennovarenovables.com\\\/pt-pt\\\/#\\\/schema\\\/logo\\\/image\\\/\",\"url\":\"https:\\\/\\\/ennovarenovables.com\\\/wp-content\\\/uploads\\\/2024\\\/11\\\/logo-ennova-renovables.svg\",\"contentUrl\":\"https:\\\/\\\/ennovarenovables.com\\\/wp-content\\\/uploads\\\/2024\\\/11\\\/logo-ennova-renovables.svg\",\"width\":202,\"height\":29,\"caption\":\"Ennova Renovables\"},\"image\":{\"@id\":\"https:\\\/\\\/ennovarenovables.com\\\/pt-pt\\\/#\\\/schema\\\/logo\\\/image\\\/\"}}]}<\/script>\n<!-- \/ Yoast SEO plugin. -->","yoast_head_json":{"title":"Sustentabilidade - Ennova Renovables","robots":{"index":"index","follow":"follow","max-snippet":"max-snippet:-1","max-image-preview":"max-image-preview:large","max-video-preview":"max-video-preview:-1"},"canonical":"https:\/\/ennovarenovables.com\/pt-pt\/sustentabilidade\/","og_locale":"pt_PT","og_type":"article","og_title":"Sustentabilidade - Ennova Renovables","og_description":"Sustentabilidade Apoiamos a energia fotovoltaica e tudo o que ela representa. Como um dos principais fabricantes de suportes e estruturas [&hellip;]","og_url":"https:\/\/ennovarenovables.com\/pt-pt\/sustentabilidade\/","og_site_name":"Ennova Renovables","article_modified_time":"2025-04-29T16:03:01+00:00","og_image":[{"width":1920,"height":1123,"url":"https:\/\/ennovarenovables.com\/wp-content\/uploads\/2025\/01\/Rectangle-2-5.webp","type":"image\/webp"}],"twitter_card":"summary_large_image","twitter_misc":{"Tempo estimado de leitura":"1 minuto"},"schema":{"@context":"https:\/\/schema.org","@graph":[{"@type":"WebPage","@id":"https:\/\/ennovarenovables.com\/pt-pt\/sustentabilidade\/","url":"https:\/\/ennovarenovables.com\/pt-pt\/sustentabilidade\/","name":"Sustentabilidade - Ennova Renovables","isPartOf":{"@id":"https:\/\/ennovarenovables.com\/pt-pt\/#website"},"primaryImageOfPage":{"@id":"https:\/\/ennovarenovables.com\/pt-pt\/sustentabilidade\/#primaryimage"},"image":{"@id":"https:\/\/ennovarenovables.com\/pt-pt\/sustentabilidade\/#primaryimage"},"thumbnailUrl":"https:\/\/ennovarenovables.com\/wp-content\/uploads\/2025\/01\/Rectangle-2-5.webp","datePublished":"2025-01-02T18:17:47+00:00","dateModified":"2025-04-29T16:03:01+00:00","breadcrumb":{"@id":"https:\/\/ennovarenovables.com\/pt-pt\/sustentabilidade\/#breadcrumb"},"inLanguage":"pt-PT","potentialAction":[{"@type":"ReadAction","target":["https:\/\/ennovarenovables.com\/pt-pt\/sustentabilidade\/"]}]},{"@type":"ImageObject","inLanguage":"pt-PT","@id":"https:\/\/ennovarenovables.com\/pt-pt\/sustentabilidade\/#primaryimage","url":"https:\/\/ennovarenovables.com\/wp-content\/uploads\/2025\/01\/Rectangle-2-5.webp","contentUrl":"https:\/\/ennovarenovables.com\/wp-content\/uploads\/2025\/01\/Rectangle-2-5.webp"},{"@type":"BreadcrumbList","@id":"https:\/\/ennovarenovables.com\/pt-pt\/sustentabilidade\/#breadcrumb","itemListElement":[{"@type":"ListItem","position":1,"name":"Portada","item":"https:\/\/ennovarenovables.com\/pt-pt\/"},{"@type":"ListItem","position":2,"name":"Sustentabilidade"}]},{"@type":"WebSite","@id":"https:\/\/ennovarenovables.com\/pt-pt\/#website","url":"https:\/\/ennovarenovables.com\/pt-pt\/","name":"Ennova Renovables","description":"Fabricantes de estructuras met\u00e1licas y soportes de hormig\u00f3n para estructuras fotovoltaicas","publisher":{"@id":"https:\/\/ennovarenovables.com\/pt-pt\/#organization"},"potentialAction":[{"@type":"SearchAction","target":{"@type":"EntryPoint","urlTemplate":"https:\/\/ennovarenovables.com\/pt-pt\/?s={search_term_string}"},"query-input":{"@type":"PropertyValueSpecification","valueRequired":true,"valueName":"search_term_string"}}],"inLanguage":"pt-PT"},{"@type":"Organization","@id":"https:\/\/ennovarenovables.com\/pt-pt\/#organization","name":"Ennova Renovables","url":"https:\/\/ennovarenovables.com\/pt-pt\/","logo":{"@type":"ImageObject","inLanguage":"pt-PT","@id":"https:\/\/ennovarenovables.com\/pt-pt\/#\/schema\/logo\/image\/","url":"https:\/\/ennovarenovables.com\/wp-content\/uploads\/2024\/11\/logo-ennova-renovables.svg","contentUrl":"https:\/\/ennovarenovables.com\/wp-content\/uploads\/2024\/11\/logo-ennova-renovables.svg","width":202,"height":29,"caption":"Ennova Renovables"},"image":{"@id":"https:\/\/ennovarenovables.com\/pt-pt\/#\/schema\/logo\/image\/"}}]}},"uagb_featured_image_src":{"full":false,"thumbnail":false,"medium":false,"medium_large":false,"large":false,"1536x1536":false,"2048x2048":false},"uagb_author_info":{"display_name":"kebes","author_link":"https:\/\/ennovarenovables.com\/pt-pt\/author\/kebes\/"},"uagb_comment_info":0,"uagb_excerpt":"Sustentabilidade Apoiamos a energia fotovoltaica e tudo o que ela representa. Como um dos principais fabricantes de suportes e estruturas [&hellip;]","_links":{"self":[{"href":"https:\/\/ennovarenovables.com\/pt-pt\/wp-json\/wp\/v2\/pages\/4825","targetHints":{"allow":["GET"]}}],"collection":[{"href":"https:\/\/ennovarenovables.com\/pt-pt\/wp-json\/wp\/v2\/pages"}],"about":[{"href":"https:\/\/ennovarenovables.com\/pt-pt\/wp-json\/wp\/v2\/types\/page"}],"author":[{"embeddable":true,"href":"https:\/\/ennovarenovables.com\/pt-pt\/wp-json\/wp\/v2\/users\/1"}],"replies":[{"embeddable":true,"href":"https:\/\/ennovarenovables.com\/pt-pt\/wp-json\/wp\/v2\/comments?post=4825"}],"version-history":[{"count":2,"href":"https:\/\/ennovarenovables.com\/pt-pt\/wp-json\/wp\/v2\/pages\/4825\/revisions"}],"predecessor-version":[{"id":6819,"href":"https:\/\/ennovarenovables.com\/pt-pt\/wp-json\/wp\/v2\/pages\/4825\/revisions\/6819"}],"wp:attachment":[{"href":"https:\/\/ennovarenovables.com\/pt-pt\/wp-json\/wp\/v2\/media?parent=4825"}],"curies":[{"name":"wp","href":"https:\/\/api.w.org\/{rel}","templated":true}]}}